{"id":4701,"date":"2022-11-02T18:40:41","date_gmt":"2022-11-02T17:40:41","guid":{"rendered":"https:\/\/www.gpcfilters.it\/politique-de-confidentialite-et-de-cookies\/"},"modified":"2022-11-02T18:40:42","modified_gmt":"2022-11-02T17:40:42","slug":"politique-de-confidentialite-et-de-cookies","status":"publish","type":"page","link":"https:\/\/www.gpcfilters.it\/fr\/politique-de-confidentialite-et-de-cookies\/","title":{"rendered":"Politique de confidentialit\u00e9 et de cookies"},"content":{"rendered":"<div class=\"fusion-fullwidth fullwidth-box fusion-builder-row-1 fusion-flex-container nonhundred-percent-fullwidth non-hundred-percent-height-scrolling\" style=\"background-color: #ffffff;background-position: center center;background-repeat: no-repeat;border-width: 0px 0px 0px 0px;border-color:#eae9e9;border-style:solid;\" ><div class=\"fusion-builder-row fusion-row fusion-flex-align-items-flex-start\" style=\"max-width:1206.4px;margin-left: calc(-4% \/ 2 );margin-right: calc(-4% \/ 2 );\"><div class=\"fusion-layout-column fusion_builder_column fusion-builder-column-0 fusion_builder_column_1_1 1_1 fusion-flex-column\"><div class=\"fusion-column-wrapper fusion-flex-justify-content-flex-start fusion-content-layout-column\" style=\"background-position:left top;background-repeat:no-repeat;-webkit-background-size:cover;-moz-background-size:cover;-o-background-size:cover;background-size:cover;padding: 0px 0px 0px 0px;\"><div class=\"fusion-text fusion-text-1\"><h5 data-fontsize=\"30\" data-lineheight=\"40\"><strong>Utilisation des cookies<\/strong><\/h5>\n<p>Afin de rendre ses services aussi efficaces et conviviaux que possible, ce site utilise des cookies.<br \/>\nPar cons\u00e9quent, lors de la visite du site, une quantit\u00e9 minimale d&rsquo;informations est plac\u00e9e sur l&rsquo;appareil de l&rsquo;utilisateur, sous forme de petits fichiers texte appel\u00e9s \u00ab cookies \u00bb, qui sont enregistr\u00e9s dans le navigateur Web de l&rsquo;utilisateur.<br \/>\nIl existe diff\u00e9rents types de cookies, mais l&rsquo;objectif principal d&rsquo;un cookie est de faire fonctionner le site plus efficacement et de permettre certaines fonctionnalit\u00e9s.<br \/>\nLes cookies sont utilis\u00e9s pour am\u00e9liorer la navigation globale de l&rsquo;utilisateur.<br \/>\nEn particulier :<br \/>\nIls permettent de naviguer efficacement d&rsquo;une page \u00e0 l&rsquo;autre du site Web.<br \/>\nIls enregistrent le nom de l&rsquo;utilisateur et les pr\u00e9f\u00e9rences saisies.<br \/>\nIls permettent d&rsquo;\u00e9viter de saisir les m\u00eames informations (telles que le nom d&rsquo;utilisateur et le mot de passe) plusieurs fois au cours d&rsquo;une visite.<br \/>\nIls mesurent l&rsquo;utilisation des services par les utilisateurs, afin d&rsquo;optimiser l&rsquo;exp\u00e9rience de navigation et les services eux-m\u00eames.<br \/>\nIls pr\u00e9sentent des informations publicitaires cibl\u00e9es en fonction des int\u00e9r\u00eats et du comportement affich\u00e9s par l&rsquo;utilisateur lors de sa navigation.<br \/>\nIl existe diff\u00e9rents types de cookies.<br \/>\nVous trouverez ci-dessous les types de cookies susceptibles d&rsquo;\u00eatre utilis\u00e9s sur le Site avec une description de l&rsquo;objectif d&rsquo;utilisation.<br \/>\nCookies techniques<br \/>\nLes cookies de ce type sont n\u00e9cessaires au bon fonctionnement de certaines zones du site.<br \/>\nLes cookies de cette cat\u00e9gorie comprennent \u00e0 la fois les cookies persistants et les cookies de session.<br \/>\nEn l&rsquo;absence de tels cookies, le site ou certaines de ses parties peuvent ne pas fonctionner correctement.<br \/>\nPar cons\u00e9quent, ils sont toujours utilis\u00e9s, quelles que soient les pr\u00e9f\u00e9rences de l&rsquo;utilisateur.<br \/>\nLes cookies de cette cat\u00e9gorie sont toujours envoy\u00e9s depuis notre domaine.<br \/>\nCookies analytiques<br \/>\nLes cookies de ce type sont utilis\u00e9s pour collecter des informations sur l&rsquo;utilisation du site.<br \/>\nLe contr\u00f4leur des donn\u00e9es utilise ces informations \u00e0 des fins d&rsquo;analyse statistique, pour am\u00e9liorer le site et simplifier son utilisation, ainsi que pour contr\u00f4ler son bon fonctionnement.<br \/>\nCe type de cookie recueille des informations sous une forme anonyme sur l&rsquo;activit\u00e9 des utilisateurs sur le site et sur la mani\u00e8re dont ils sont arriv\u00e9s sur le site et les pages qu&rsquo;ils ont visit\u00e9es.<br \/>\nLes cookies de cette cat\u00e9gorie sont envoy\u00e9s par le site lui-m\u00eame ou par des domaines tiers.<br \/>\nCookies de suivi de tiers<br \/>\nLes cookies de ce type sont utilis\u00e9s pour collecter des informations sur l&rsquo;utilisation du site Web par les visiteurs, les mots-cl\u00e9s utilis\u00e9s pour atteindre le site, les sites web visit\u00e9s et les origines du trafic d&rsquo;o\u00f9 proviennent les visiteurs pour les campagnes de marketing.<br \/>\nLe propri\u00e9taire peut utiliser ces informations pour compiler des rapports et am\u00e9liorer le site.<br \/>\nLes cookies collectent des informations sous une forme anonyme.<br \/>\nLes cookies de ce type sont envoy\u00e9s par le site lui-m\u00eame ou par des domaines tiers.<br \/>\nCookies d&rsquo;int\u00e9gration de fonctionnalit\u00e9s de tiers<br \/>\nLes cookies de ce type sont utilis\u00e9s pour int\u00e9grer des fonctionnalit\u00e9s tierces au site (par exemple, des formulaires de commentaires ou des ic\u00f4nes de r\u00e9seaux sociaux qui permettent aux visiteurs de partager le contenu du site).<br \/>\nLes cookies de cette cat\u00e9gorie peuvent \u00eatre envoy\u00e9s depuis les domaines de sites partenaires ou de sites qui offrent par ailleurs des fonctionnalit\u00e9s sur le site.<br \/>\nLe contr\u00f4leur n&rsquo;est pas oblig\u00e9 de demander le consentement de l&rsquo;utilisateur pour les cookies techniques, car ceux-ci sont strictement n\u00e9cessaires \u00e0 la fourniture du service.<br \/>\nPour d&rsquo;autres types de cookies, le consentement peut \u00eatre exprim\u00e9 par l&rsquo;Utilisateur, conform\u00e9ment \u00e0 la l\u00e9gislation en vigueur, au moyen de configurations sp\u00e9cifiques du navigateur et de programmes ou dispositifs informatiques faciles et clairs \u00e0 utiliser par l&rsquo;Utilisateur.<br \/>\nLe Propri\u00e9taire rappelle \u00e0 l&rsquo;Utilisateur qu&rsquo;il est possible de modifier les pr\u00e9f\u00e9rences en mati\u00e8re de cookies \u00e0 tout moment.<br \/>\nVous pouvez \u00e9galement d\u00e9sactiver les cookies de votre navigateur \u00e0 tout moment, mais cela peut vous emp\u00eacher d&rsquo;utiliser certaines parties du site.<br \/>\nSites Web de tiers<br \/>\nLe site contient des liens vers d&rsquo;autres sites Web qui ont leur propre politique de confidentialit\u00e9.<br \/>\nCes politiques de confidentialit\u00e9 peuvent diff\u00e9rer de celle adopt\u00e9e par le Propri\u00e9taire, qui n&rsquo;est donc pas responsable des sites tiers.<br \/>\nEn vertu de l&rsquo;article 122, deuxi\u00e8me alin\u00e9a, du d\u00e9cret l\u00e9gislatif no.<br \/>\n196\/2003 le consentement \u00e0 l&rsquo;utilisation de ces cookies est exprim\u00e9 par la personne concern\u00e9e au moyen du param\u00e8tre individuel librement choisi pour le navigateur utilis\u00e9 pour naviguer sur le site, sans pr\u00e9judice du droit de l&rsquo;utilisateur d&rsquo;informer \u00e0 tout moment le Titulaire du traitement de ses souhaits concernant les donn\u00e9es g\u00e9r\u00e9es au moyen de cookies que le navigateur lui-m\u00eame a accept\u00e9s.<br \/>\nActivation\/d\u00e9sactivation des cookies via le navigateur<br \/>\nIl existe plusieurs fa\u00e7ons de g\u00e9rer les cookies et autres technologies de suivi.<br \/>\nEn modifiant les param\u00e8tres de votre navigateur, vous pouvez accepter ou refuser les cookies ou d\u00e9cider de recevoir un message d&rsquo;avertissement avant d&rsquo;accepter un cookie des sites web que vous visitez.<br \/>\nVeuillez noter qu&rsquo;en d\u00e9sactivant compl\u00e8tement les cookies dans votre navigateur, vous risquez de ne pas pouvoir utiliser toutes nos fonctions interactives.<br \/>\nSi vous utilisez plusieurs ordinateurs dans des lieux diff\u00e9rents, assurez-vous que chaque navigateur est param\u00e9tr\u00e9 en fonction de vos pr\u00e9f\u00e9rences.<br \/>\nVous pouvez supprimer tous les cookies install\u00e9s dans le dossier des cookies de votre navigateur.<br \/>\nChaque navigateur a des proc\u00e9dures diff\u00e9rentes pour g\u00e9rer les param\u00e8tres.<br \/>\nCliquez sur l&rsquo;un des liens ci-dessous pour obtenir des instructions sp\u00e9cifiques.<br \/>\nExplorateur Microsoft Windows Google Chrome Mozilla Firefox Apple Safari<br \/>\nSi vous n&rsquo;utilisez pas l&rsquo;un des navigateurs \u00e9num\u00e9r\u00e9s ci-dessus, s\u00e9lectionnez \u00ab cookies \u00bb dans la section correspondante du guide pour savoir o\u00f9 se trouve votre dossier de cookies.<br \/>\nSuppression des cookies Flash<br \/>\nCliquez sur le lien ci-dessous pour modifier vos param\u00e8tres de cookies Flash.<br \/>\nD\u00e9sactiver les cookies Flash<br \/>\nActivation et d\u00e9sactivation des cookies<br \/>\nOutre la possibilit\u00e9 d&rsquo;utiliser les outils fournis par votre navigateur pour activer ou d\u00e9sactiver les diff\u00e9rents cookies, nous vous informons que le site www.youronlinechoices.com r\u00e9pertorie les principaux fournisseurs qui collaborent avec les op\u00e9rateurs de sites Web pour collecter et utiliser les informations utiles \u00e0 la publicit\u00e9 comportementale.<br \/>\nVous pouvez d\u00e9sactiver ou activer toutes les entreprises ou encore r\u00e9gler les pr\u00e9f\u00e9rences individuellement pour chaque entreprise.<br \/>\nPour ce faire, vous pouvez utiliser l&rsquo;outil disponible sur www.youronlinechoices.com\/it\/le-tue-scelte.<br \/>\nVous trouverez d&rsquo;autres informations utiles sur les cookies \u00e0 ces adresses :<br \/>\nwww.allaboutcookies.org www.youronlinechoises.com<\/p>\n<\/div><\/div><style type=\"text\/css\">.fusion-body .fusion-builder-column-0{width:100% !important;margin-top : 0px;margin-bottom : 0px;}.fusion-builder-column-0 > .fusion-column-wrapper {padding-top : 0px !important;padding-right : 0px !important;margin-right : 1.92%;padding-bottom : 0px !important;padding-left : 0px !important;margin-left : 1.92%;}@media only screen and (max-width:1024px) {.fusion-body .fusion-builder-column-0{width:100% !important;}.fusion-builder-column-0 > .fusion-column-wrapper {margin-right : 1.92%;margin-left : 1.92%;}}@media only screen and (max-width:640px) {.fusion-body .fusion-builder-column-0{width:100% !important;}.fusion-builder-column-0 > .fusion-column-wrapper {margin-right : 1.92%;margin-left : 1.92%;}}<\/style><\/div><\/div><style type=\"text\/css\">.fusion-body .fusion-flex-container.fusion-builder-row-1{ padding-top : 0px;margin-top : 0px;padding-right : 0px;padding-bottom : 0px;margin-bottom : 0px;padding-left : 0px;}<\/style><\/div>\n","protected":false},"excerpt":{"rendered":"","protected":false},"author":1,"featured_media":0,"parent":0,"menu_order":0,"comment_status":"closed","ping_status":"closed","template":"","meta":[],"yoast_head":"<!-- This site is optimized with the Yoast SEO plugin v19.10 - https:\/\/yoast.com\/wordpress\/plugins\/seo\/ -->\n<title>Politique de confidentialit\u00e9 et de cookies - G.P.C. Filters Srl<\/title>\n<meta name=\"robots\" content=\"index, follow, max-snippet:-1, max-image-preview:large, max-video-preview:-1\" \/>\n<link rel=\"canonical\" href=\"https:\/\/www.gpcfilters.it\/fr\/politique-de-confidentialite-et-de-cookies\/\" \/>\n<meta property=\"og:locale\" content=\"fr_FR\" \/>\n<meta property=\"og:type\" content=\"article\" \/>\n<meta property=\"og:title\" content=\"Politique de confidentialit\u00e9 et de cookies - G.P.C. Filters Srl\" \/>\n<meta property=\"og:url\" content=\"https:\/\/www.gpcfilters.it\/fr\/politique-de-confidentialite-et-de-cookies\/\" \/>\n<meta property=\"og:site_name\" content=\"G.P.C. Filters Srl\" \/>\n<meta property=\"article:modified_time\" content=\"2022-11-02T17:40:42+00:00\" \/>\n<meta name=\"twitter:card\" content=\"summary_large_image\" \/>\n<meta name=\"twitter:label1\" content=\"Dur\u00e9e de lecture estim\u00e9e\" \/>\n\t<meta name=\"twitter:data1\" content=\"7 minutes\" \/>\n<script type=\"application\/ld+json\" class=\"yoast-schema-graph\">{\"@context\":\"https:\/\/schema.org\",\"@graph\":[{\"@type\":\"WebPage\",\"@id\":\"https:\/\/www.gpcfilters.it\/fr\/politique-de-confidentialite-et-de-cookies\/\",\"url\":\"https:\/\/www.gpcfilters.it\/fr\/politique-de-confidentialite-et-de-cookies\/\",\"name\":\"Politique de confidentialit\u00e9 et de cookies - G.P.C. Filters Srl\",\"isPartOf\":{\"@id\":\"https:\/\/www.gpcfilters.it\/fr\/#website\"},\"datePublished\":\"2022-11-02T17:40:41+00:00\",\"dateModified\":\"2022-11-02T17:40:42+00:00\",\"breadcrumb\":{\"@id\":\"https:\/\/www.gpcfilters.it\/fr\/politique-de-confidentialite-et-de-cookies\/#breadcrumb\"},\"inLanguage\":\"fr-FR\",\"potentialAction\":[{\"@type\":\"ReadAction\",\"target\":[\"https:\/\/www.gpcfilters.it\/fr\/politique-de-confidentialite-et-de-cookies\/\"]}]},{\"@type\":\"BreadcrumbList\",\"@id\":\"https:\/\/www.gpcfilters.it\/fr\/politique-de-confidentialite-et-de-cookies\/#breadcrumb\",\"itemListElement\":[{\"@type\":\"ListItem\",\"position\":1,\"name\":\"Home\",\"item\":\"https:\/\/www.gpcfilters.it\/fr\/\"},{\"@type\":\"ListItem\",\"position\":2,\"name\":\"Politique de confidentialit\u00e9 et de cookies\"}]},{\"@type\":\"WebSite\",\"@id\":\"https:\/\/www.gpcfilters.it\/fr\/#website\",\"url\":\"https:\/\/www.gpcfilters.it\/fr\/\",\"name\":\"Montresor - edge polisher - lucida coste\",\"description\":\"High Performance Filters\",\"publisher\":{\"@id\":\"https:\/\/www.gpcfilters.it\/fr\/#organization\"},\"potentialAction\":[{\"@type\":\"SearchAction\",\"target\":{\"@type\":\"EntryPoint\",\"urlTemplate\":\"https:\/\/www.gpcfilters.it\/fr\/?s={search_term_string}\"},\"query-input\":\"required name=search_term_string\"}],\"inLanguage\":\"fr-FR\"},{\"@type\":\"Organization\",\"@id\":\"https:\/\/www.gpcfilters.it\/fr\/#organization\",\"name\":\"G.P.C. Filters S.r.l.\",\"url\":\"https:\/\/www.gpcfilters.it\/fr\/\",\"logo\":{\"@type\":\"ImageObject\",\"inLanguage\":\"fr-FR\",\"@id\":\"https:\/\/www.gpcfilters.it\/fr\/#\/schema\/logo\/image\/\",\"url\":\"https:\/\/www.gpcfilters.it\/wp-content\/uploads\/2022\/10\/Logo-GPC-by-HP_Vert.svg\",\"contentUrl\":\"https:\/\/www.gpcfilters.it\/wp-content\/uploads\/2022\/10\/Logo-GPC-by-HP_Vert.svg\",\"caption\":\"G.P.C. Filters S.r.l.\"},\"image\":{\"@id\":\"https:\/\/www.gpcfilters.it\/fr\/#\/schema\/logo\/image\/\"}}]}<\/script>\n<!-- \/ Yoast SEO plugin. -->","yoast_head_json":{"title":"Politique de confidentialit\u00e9 et de cookies - G.P.C. Filters Srl","robots":{"index":"index","follow":"follow","max-snippet":"max-snippet:-1","max-image-preview":"max-image-preview:large","max-video-preview":"max-video-preview:-1"},"canonical":"https:\/\/www.gpcfilters.it\/fr\/politique-de-confidentialite-et-de-cookies\/","og_locale":"fr_FR","og_type":"article","og_title":"Politique de confidentialit\u00e9 et de cookies - G.P.C. Filters Srl","og_url":"https:\/\/www.gpcfilters.it\/fr\/politique-de-confidentialite-et-de-cookies\/","og_site_name":"G.P.C. Filters Srl","article_modified_time":"2022-11-02T17:40:42+00:00","twitter_card":"summary_large_image","twitter_misc":{"Dur\u00e9e de lecture estim\u00e9e":"7 minutes"},"schema":{"@context":"https:\/\/schema.org","@graph":[{"@type":"WebPage","@id":"https:\/\/www.gpcfilters.it\/fr\/politique-de-confidentialite-et-de-cookies\/","url":"https:\/\/www.gpcfilters.it\/fr\/politique-de-confidentialite-et-de-cookies\/","name":"Politique de confidentialit\u00e9 et de cookies - G.P.C. Filters Srl","isPartOf":{"@id":"https:\/\/www.gpcfilters.it\/fr\/#website"},"datePublished":"2022-11-02T17:40:41+00:00","dateModified":"2022-11-02T17:40:42+00:00","breadcrumb":{"@id":"https:\/\/www.gpcfilters.it\/fr\/politique-de-confidentialite-et-de-cookies\/#breadcrumb"},"inLanguage":"fr-FR","potentialAction":[{"@type":"ReadAction","target":["https:\/\/www.gpcfilters.it\/fr\/politique-de-confidentialite-et-de-cookies\/"]}]},{"@type":"BreadcrumbList","@id":"https:\/\/www.gpcfilters.it\/fr\/politique-de-confidentialite-et-de-cookies\/#breadcrumb","itemListElement":[{"@type":"ListItem","position":1,"name":"Home","item":"https:\/\/www.gpcfilters.it\/fr\/"},{"@type":"ListItem","position":2,"name":"Politique de confidentialit\u00e9 et de cookies"}]},{"@type":"WebSite","@id":"https:\/\/www.gpcfilters.it\/fr\/#website","url":"https:\/\/www.gpcfilters.it\/fr\/","name":"Montresor - edge polisher - lucida coste","description":"High Performance Filters","publisher":{"@id":"https:\/\/www.gpcfilters.it\/fr\/#organization"},"potentialAction":[{"@type":"SearchAction","target":{"@type":"EntryPoint","urlTemplate":"https:\/\/www.gpcfilters.it\/fr\/?s={search_term_string}"},"query-input":"required name=search_term_string"}],"inLanguage":"fr-FR"},{"@type":"Organization","@id":"https:\/\/www.gpcfilters.it\/fr\/#organization","name":"G.P.C. Filters S.r.l.","url":"https:\/\/www.gpcfilters.it\/fr\/","logo":{"@type":"ImageObject","inLanguage":"fr-FR","@id":"https:\/\/www.gpcfilters.it\/fr\/#\/schema\/logo\/image\/","url":"https:\/\/www.gpcfilters.it\/wp-content\/uploads\/2022\/10\/Logo-GPC-by-HP_Vert.svg","contentUrl":"https:\/\/www.gpcfilters.it\/wp-content\/uploads\/2022\/10\/Logo-GPC-by-HP_Vert.svg","caption":"G.P.C. Filters S.r.l."},"image":{"@id":"https:\/\/www.gpcfilters.it\/fr\/#\/schema\/logo\/image\/"}}]}},"_links":{"self":[{"href":"https:\/\/www.gpcfilters.it\/fr\/wp-json\/wp\/v2\/pages\/4701"}],"collection":[{"href":"https:\/\/www.gpcfilters.it\/fr\/wp-json\/wp\/v2\/pages"}],"about":[{"href":"https:\/\/www.gpcfilters.it\/fr\/wp-json\/wp\/v2\/types\/page"}],"author":[{"embeddable":true,"href":"https:\/\/www.gpcfilters.it\/fr\/wp-json\/wp\/v2\/users\/1"}],"replies":[{"embeddable":true,"href":"https:\/\/www.gpcfilters.it\/fr\/wp-json\/wp\/v2\/comments?post=4701"}],"version-history":[{"count":0,"href":"https:\/\/www.gpcfilters.it\/fr\/wp-json\/wp\/v2\/pages\/4701\/revisions"}],"wp:attachment":[{"href":"https:\/\/www.gpcfilters.it\/fr\/wp-json\/wp\/v2\/media?parent=4701"}],"curies":[{"name":"wp","href":"https:\/\/api.w.org\/{rel}","templated":true}]}}